{"id":1400,"date":"2016-12-02T00:04:19","date_gmt":"2016-12-01T23:04:19","guid":{"rendered":"http:\/\/adefi-industrie.fr\/?page_id=1400"},"modified":"2021-02-03T11:41:05","modified_gmt":"2021-02-03T10:41:05","slug":"contactez-nous","status":"publish","type":"page","link":"https:\/\/adefi-industrie.fr\/index.php\/contactez-nous\/","title":{"rendered":"Contactez-nous"},"content":{"rendered":"<p>[et_pb_section transparent_background=&#8221;off&#8221; allow_player_pause=&#8221;off&#8221; inner_shadow=&#8221;off&#8221; parallax=&#8221;off&#8221; parallax_method=&#8221;on&#8221; custom_padding=&#8221;19px|0px|54px|0px&#8221; padding_mobile=&#8221;off&#8221; make_fullwidth=&#8221;off&#8221; use_custom_width=&#8221;off&#8221; width_unit=&#8221;off&#8221; custom_width_px=&#8221;1080px&#8221; custom_width_percent=&#8221;80%&#8221; make_equal=&#8221;off&#8221; use_custom_gutter=&#8221;off&#8221; fullwidth=&#8221;off&#8221; specialty=&#8221;off&#8221; admin_label=&#8221;section&#8221; disabled=&#8221;off&#8221;][et_pb_row make_fullwidth=&#8221;off&#8221; use_custom_width=&#8221;off&#8221; width_unit=&#8221;off&#8221; custom_width_px=&#8221;1080px&#8221; custom_width_percent=&#8221;80%&#8221; use_custom_gutter=&#8221;off&#8221; gutter_width=&#8221;3&#8243; custom_padding=&#8221;25px|0px|27px|0px&#8221; padding_mobile=&#8221;off&#8221; allow_player_pause=&#8221;off&#8221; parallax=&#8221;off&#8221; parallax_method=&#8221;on&#8221; make_equal=&#8221;off&#8221; column_padding_mobile=&#8221;on&#8221; parallax_1=&#8221;off&#8221; parallax_method_1=&#8221;on&#8221; parallax_2=&#8221;off&#8221; parallax_method_2=&#8221;on&#8221; parallax_3=&#8221;off&#8221; parallax_method_3=&#8221;on&#8221; parallax_4=&#8221;off&#8221; parallax_method_4=&#8221;on&#8221; admin_label=&#8221;row&#8221; disabled=&#8221;off&#8221;][et_pb_column type=&#8221;1_2&#8243; disabled=&#8221;off&#8221; parallax=&#8221;off&#8221; parallax_method=&#8221;on&#8221; column_padding_mobile=&#8221;on&#8221;][et_pb_text background_layout=&#8221;light&#8221; text_orientation=&#8221;left&#8221; admin_label=&#8221;Texte&#8221; use_border_color=&#8221;off&#8221; border_style=&#8221;solid&#8221; disabled=&#8221;off&#8221;]<\/p>\n<h3>Pour plus d&#8217;information, contactez-nous !<\/h3>\n<h4><\/h4>\n<p><span style=\"background-color: #ffffff; font-size: medium; color: #141414; text-align: justify; font-weight: normal;\">Adefi Industrie est un bureau d\u2019\u00e9tudes et de r\u00e9alisation m\u00e9canique implant\u00e9 \u00e0 Bordeaux en Gironde.\u00a0<\/span><\/p>\n<p><span style=\"background-color: #ffffff; font-size: medium; color: #141414; text-align: justify; font-weight: normal;\">Pour nous contacter, merci de nous adresser un mail \u00e0 l&#8217;adresse ci-<\/span><span style=\"background-color: #ffffff; font-size: medium; color: #141414; text-align: justify; font-weight: normal;\">dessous, nous vous r\u00e9pondrons dans les plus brefs d\u00e9lais.<\/span><\/p>\n<blockquote>\n<p><strong>Adresse :<\/strong><br \/> 120 rue Achard<br \/> 33300 Bordeaux<br \/> FRANCE<\/p>\n<p><strong>Mail :<\/strong> contact@adefi-industrie.fr<\/p>\n<p><strong>T\u00e9l\u00e9phone\u00a0:<\/strong>\u00a0+ 33 (0)5 56 29 20 26<\/p>\n<p><strong style=\"background-color: #ffffff; font-size: 14px;\">Fax\u00a0:<\/strong><span style=\"font-size: 14px; background-color: #ffffff;\">\u00a0+33 (<\/span><span style=\"font-size: 14px; background-color: #ffffff;\">0)5 56 29 20 27<\/span><\/p>\n<\/blockquote>\n<p>[\/et_pb_text][\/et_pb_column][et_pb_column type=&#8221;1_2&#8243; disabled=&#8221;off&#8221; parallax=&#8221;off&#8221; parallax_method=&#8221;on&#8221; column_padding_mobile=&#8221;on&#8221;][et_pb_map zoom_level=&#8221;10&#8243; address_lat=&#8221;44.89849193751&#8243; address_lng=&#8221;-0.55962179638674&#8243; mouse_wheel=&#8221;on&#8221; mobile_dragging=&#8221;on&#8221; use_grayscale_filter=&#8221;off&#8221; grayscale_filter_amount=&#8221;0&#8243; admin_label=&#8221;Carte&#8221; disabled=&#8221;off&#8221; _map_version=&#8221;2&#8243;][et_pb_map_pin title=&#8221;ADEFI SARL&#8221; pin_address_lat=&#8221;44.870264205572&#8243; pin_address_lng=&#8221;-0.54720282554626&#8243;][\/et_pb_map_pin][\/et_pb_map][\/et_pb_column][\/et_pb_row][\/et_pb_section]<\/p>\n","protected":false},"excerpt":{"rendered":"<p>[et_pb_section transparent_background=&#8221;off&#8221; allow_player_pause=&#8221;off&#8221; inner_shadow=&#8221;off&#8221; parallax=&#8221;off&#8221; parallax_method=&#8221;on&#8221; custom_padding=&#8221;19px|0px|54px|0px&#8221; padding_mobile=&#8221;off&#8221; make_fullwidth=&#8221;off&#8221; use_custom_width=&#8221;off&#8221; width_unit=&#8221;off&#8221; custom_width_px=&#8221;1080px&#8221; custom_width_percent=&#8221;80%&#8221; make_equal=&#8221;off&#8221; use_custom_gutter=&#8221;off&#8221; fullwidth=&#8221;off&#8221; specialty=&#8221;off&#8221; admin_label=&#8221;section&#8221; disabled=&#8221;off&#8221;][et_pb_row make_fullwidth=&#8221;off&#8221; use_custom_width=&#8221;off&#8221; width_unit=&#8221;off&#8221; custom_width_px=&#8221;1080px&#8221; custom_width_percent=&#8221;80%&#8221; use_custom_gutter=&#8221;off&#8221; gutter_width=&#8221;3&#8243; custom_padding=&#8221;25px|0px|27px|0px&#8221; padding_mobile=&#8221;off&#8221; allow_player_pause=&#8221;off&#8221; parallax=&#8221;off&#8221; parallax_method=&#8221;on&#8221; make_equal=&#8221;off&#8221; column_padding_mobile=&#8221;on&#8221; parallax_1=&#8221;off&#8221; parallax_method_1=&#8221;on&#8221; parallax_2=&#8221;off&#8221; parallax_method_2=&#8221;on&#8221; parallax_3=&#8221;off&#8221; parallax_method_3=&#8221;on&#8221; parallax_4=&#8221;off&#8221; parallax_method_4=&#8221;on&#8221; admin_label=&#8221;row&#8221; disabled=&#8221;off&#8221;][et_pb_column type=&#8221;1_2&#8243; disabled=&#8221;off&#8221; parallax=&#8221;off&#8221; parallax_method=&#8221;on&#8221; column_padding_mobile=&#8221;on&#8221;][et_pb_text background_layout=&#8221;light&#8221; text_orientation=&#8221;left&#8221; admin_label=&#8221;Texte&#8221; use_border_color=&#8221;off&#8221; border_style=&#8221;solid&#8221; disabled=&#8221;off&#8221;] Pour [&hellip;]<\/p>\n","protected":false},"author":1,"featured_media":0,"parent":0,"menu_order":0,"comment_status":"closed","ping_status":"closed","template":"","meta":{"spay_email":""},"_links":{"self":[{"href":"https:\/\/adefi-industrie.fr\/index.php\/wp-json\/wp\/v2\/pages\/1400"}],"collection":[{"href":"https:\/\/adefi-industrie.fr\/index.php\/wp-json\/wp\/v2\/pages"}],"about":[{"href":"https:\/\/adefi-industrie.fr\/index.php\/wp-json\/wp\/v2\/types\/page"}],"author":[{"embeddable":true,"href":"https:\/\/adefi-industrie.fr\/index.php\/wp-json\/wp\/v2\/users\/1"}],"replies":[{"embeddable":true,"href":"https:\/\/adefi-industrie.fr\/index.php\/wp-json\/wp\/v2\/comments?post=1400"}],"version-history":[{"count":21,"href":"https:\/\/adefi-industrie.fr\/index.php\/wp-json\/wp\/v2\/pages\/1400\/revisions"}],"predecessor-version":[{"id":1645,"href":"https:\/\/adefi-industrie.fr\/index.php\/wp-json\/wp\/v2\/pages\/1400\/revisions\/1645"}],"wp:attachment":[{"href":"https:\/\/adefi-industrie.fr\/index.php\/wp-json\/wp\/v2\/media?parent=1400"}],"curies":[{"name":"wp","href":"https:\/\/api.w.org\/{rel}","templated":true}]}}